{"id":1261,"date":"2022-06-23T14:33:34","date_gmt":"2022-06-23T14:33:34","guid":{"rendered":"http:\/\/antonioteiza.org\/privacy-policy\/"},"modified":"2023-05-29T11:01:29","modified_gmt":"2023-05-29T09:01:29","slug":"politica-de-privacidad","status":"publish","type":"page","link":"https:\/\/antonioteiza.org\/es\/politica-de-privacidad\/","title":{"rendered":"Pol\u00edtica de Privacidad"},"content":{"rendered":"<p>La Fundaci\u00f3n Antonio Oteiza garantiza el cumplimiento de la normativa vigente en materia de protecci\u00f3n de datos personales, reflejada en la Ley Org\u00e1nica 3\/2018, de 5 de diciembre, de Protecci\u00f3n de Datos Personales y de Garant\u00eda de Derechos Digitales (LOPD GDD). Cumple tambi\u00e9n con el Reglamento (UE) 2016\/679 del Parlamento Europeo y del Consejo de 27 de abril de 2016 relativo a la protecci\u00f3n de las personas f\u00edsicas (RGPD).<\/p>\n<p>El uso de sitio Web implica la aceptaci\u00f3n de esta Pol\u00edtica de Privacidad as\u00ed como las condiciones incluidas en el Aviso Legal.<\/p>\n<p><strong>Datos del titular<\/strong><\/p>\n<p>Titular: Fundaci\u00f3n Antonio Oteiza<br \/>NIF\/CIF: G20889689<br \/>Domicilio: Intsausti jauregia \u2013 Julio Urkixo etorbidea.<br \/>Correo electr\u00f3nico: jbmendizabal@antonioteiza.org<br \/>Sitio Web: www.antonioteiza.org<\/p>\n<p><strong>Bases aplicadas<\/strong><\/p>\n<p>Seg\u00fan las exigencias del nuevo reglamento europeo de protecci\u00f3n de datos:<\/p>\n<p>\u2013 La Fundaci\u00f3n Antonio Oteiza siempre requerir\u00e1 el consentimiento para el tratamiento de tus datos personales que puede ser para uno o varios fines espec\u00edficos sobre los que te informar\u00e1 previamente con absoluta transparencia.<br \/>\u2013 La Fundaci\u00f3n Antonio Oteiza te solicitar\u00e1 solo los datos estrictamente necesarios para el fin o los fines que los solicita.<br \/>\u2013 Los datos se mantendr\u00e1n durante el tiempo estrictamente necesario para el fin o los fines del tratamiento.<br \/>\u2013 Tus datos ser\u00e1n tratados de manera segura y confidencial garantizando su integridad.<\/p>\n<p>Al navegar por www.antonioteiza.org los \u00fanicos puntos en los que te pedimos tus datos son:<\/p>\n<p>\u2022 Al contactar a trav\u00e9s de los formularios de contacto o enviar un correo electr\u00f3nico.<br \/>\u2022 Al realizar una petici\u00f3n de descarga de cat\u00e1logos.<\/p>\n<p><strong>Tus derechos<\/strong><\/p>\n<p>La Fundaci\u00f3n Antonio Oteizate informa que sobre tus datos personales tienes derecho a:<\/p>\n<p>\u2022 Solicitar el acceso a los datos almacenados.<br \/>\u2022 Solicitar una rectificaci\u00f3n o la cancelaci\u00f3n.<br \/>\u2022 Solicitar la limitaci\u00f3n de su tratamiento.<br \/>\u2022 Oponerte al tratamiento.<br \/>\u2022 Solicitar la portabilidad de tus datos.<\/p>\n<p>El ejercicio de estos derechos es personal y por tanto debe ser ejercido directamente por el interesado, solicit\u00e1ndolo directamente a la Fundaci\u00f3n Antonio Oteiza enviando un correo electr\u00f3nico a jbmendizabal@antonioteiza.org<\/p>\n<p><strong>Finalidad del tratamiento de datos personales<\/strong><\/p>\n<p>La Fundaci\u00f3n Antonio Oteiza solicita datos personales entre los que pueden estar: <br \/>Nombre y apellidos, direcci\u00f3n de correo electr\u00f3nico y n\u00famero de tel\u00e9fono con la finalidad de responder a tus consultas.<\/p>\n<p>La Fundaci\u00f3n Antonio Oteiza utiliza esos datos para dar respuesta a tus mensajes, dudas, quejas, comentarios o inquietudes que puedas tener relativas a la informaci\u00f3n incluida en el sitio Web, los servicios que se prestan a trav\u00e9s del sitio Web, el tratamiento de tus datos personales, cuestiones referentes a los textos legales incluidos en el sitio Web, as\u00ed como cualquier otra consulta que puedas tener y que no est\u00e9 sujeta a las condiciones del sitio Web o de la contrataci\u00f3n.<\/p>\n<p><strong>Pol\u00edtica de Cookies<\/strong><br \/>Para que este sitio Web funcione correctamente necesita utilizar cookies, que es una informaci\u00f3n que se almacena en tu navegador web.<\/p>\n<p>En la p\u00e1gina Pol\u00edtica de Cookies puedes consultar toda la informaci\u00f3n relativa a la pol\u00edtica de recogida, la finalidad y el tratamiento de las cookies.<\/p>\n<p><strong>Navegaci\u00f3n web<\/strong><\/p>\n<p>Al navegar por el sitio Web se pueden recoger datos no identificativos, que pueden incluir, la direcci\u00f3n IP, geolocalizaci\u00f3n, un registro de c\u00f3mo se utilizan los servicios y sitios, h\u00e1bitos de navegaci\u00f3n y otros datos que no pueden ser utilizados para identificarte.<\/p>\n<p>El sitio Web utiliza los siguientes servicios de an\u00e1lisis de terceros:<\/p>\n<p>Google Analytics: es un servicio de anal\u00edtica web prestado por Google, Inc., una compa\u00f1\u00eda de Delaware cuya oficina principal est\u00e1 en 1600 Amphitheatre Parkway, Mountain View (California), CA 94043, Estados Unidos (\u201cGoogle\u201d). Encontrar\u00e1s m\u00e1s informaci\u00f3n en: https:\/\/analytics.google.com<\/p>\n<p>Google Analytics utiliza \u201ccookies\u201d, que son archivos de texto ubicados en tu ordenador, para ayudar a la Fundaci\u00f3n Antonio Oteiza a analizar el uso que hacen los usuarios del sitio Web. La informaci\u00f3n que genera la cookie acerca del uso del sitio Web (incluyendo tu direcci\u00f3n IP) ser\u00e1 directamente transmitida y archivada por Google en los servidores de Estados Unidos.<br \/>La Fundaci\u00f3n Antonio Oteiza utiliza la informaci\u00f3n obtenida para obtener datos estad\u00edsticos, analizar tendencias, administrar el sitio, estudiar patrones de navegaci\u00f3n y para recopilar informaci\u00f3n demogr\u00e1fica.<\/p>\n<p><strong>Exactitud y veracidad de los datos<\/strong><\/p>\n<p>Te comprometes a que los datos facilitados a la Fundaci\u00f3n Antonio Oteiza. sean correctos, completos, exactos y vigentes, as\u00ed como a mantenerlos debidamente actualizados.<\/p>\n<p>Como Usuario del sitio Web eres el \u00fanico responsable de la veracidad y correcci\u00f3n de los datos que remitas al sitio exonerando a la Fundaci\u00f3n Antonio Oteiza de cualquier responsabilidad al respecto.<\/p>\n<p><strong>Aceptaci\u00f3n y consentimiento<\/strong><\/p>\n<p>Como Usuario del sitio Web declaras haber sido informado de las condiciones sobre protecci\u00f3n de datos de car\u00e1cter personal, aceptas y consientes el tratamiento de los mismos por parte de la Fundaci\u00f3n Antonio Oteiza en la forma y para las finalidades indicadas en esta Pol\u00edtica de Privacidad.<\/p>\n<p><strong>Revocabilidad<\/strong><\/p>\n<p>Para ejercitar tus derechos de acceso, rectificaci\u00f3n, cancelaci\u00f3n, portabilidad y oposici\u00f3n tienes que enviar un correo electr\u00f3nico a jbmendizabal@antonioteiza.org junto con la prueba v\u00e1lida en derecho como una fotocopia del D.N.I. o equivalente.<\/p>\n<p>El ejercicio de tus derechos no incluye ning\u00fan dato que la Fundaci\u00f3n Antonio Oteiza est\u00e9 obligado a conservar con fines administrativos, legales o de seguridad.<\/p>\n<p><strong>Cambios en la Pol\u00edtica de Privacidad<\/strong><\/p>\n<p>La Fundaci\u00f3n Antonio Oteiza se reserva el derecho a modificar la presente Pol\u00edtica de Privacidad para adaptarla a novedades legislativas o jurisprudenciales, as\u00ed como a pr\u00e1cticas de la industria.<\/p>\n<p>Estas pol\u00edticas estar\u00e1n vigentes hasta que sean modificadas por otras debidamente publicadas.<\/p>\n","protected":false},"excerpt":{"rendered":"<p>La Fundaci\u00f3n Antonio Oteiza garantiza el cumplimiento de la normativa vigente en materia de protecci\u00f3n de datos personales, reflejada en la Ley Org\u00e1nica 3\/2018, de 5 de diciembre, de Protecci\u00f3n de Datos Personales y de Garant\u00eda de Derechos Digitales (LOPD GDD). Cumple tambi\u00e9n con el Reglamento (UE) 2016\/679 del Parlamento Europeo y del Consejo de [&hellip;]<\/p>\n","protected":false},"author":1,"featured_media":0,"parent":0,"menu_order":0,"comment_status":"closed","ping_status":"closed","template":"","meta":{"_acf_changed":false,"footnotes":""},"class_list":["post-1261","page","type-page","status-publish","hentry"],"acf":[],"yoast_head":"<!-- This site is optimized with the Yoast SEO plugin v26.8 - https:\/\/yoast.com\/product\/yoast-seo-wordpress\/ -->\n<title>Pol\u00edtica de Privacidad - Antonio Oteiza<\/title>\n<meta name=\"robots\" content=\"noindex, nofollow\" \/>\n<meta property=\"og:locale\" content=\"es_ES\" \/>\n<meta property=\"og:type\" content=\"article\" \/>\n<meta property=\"og:title\" content=\"Pol\u00edtica de Privacidad - Antonio Oteiza\" \/>\n<meta property=\"og:description\" content=\"La Fundaci\u00f3n Antonio Oteiza garantiza el cumplimiento de la normativa vigente en materia de protecci\u00f3n de datos personales, reflejada en la Ley Org\u00e1nica 3\/2018, de 5 de diciembre, de Protecci\u00f3n de Datos Personales y de Garant\u00eda de Derechos Digitales (LOPD GDD). Cumple tambi\u00e9n con el Reglamento (UE) 2016\/679 del Parlamento Europeo y del Consejo de [&hellip;]\" \/>\n<meta property=\"og:url\" content=\"https:\/\/antonioteiza.org\/es\/politica-de-privacidad\/\" \/>\n<meta property=\"og:site_name\" content=\"Antonio Oteiza\" \/>\n<meta property=\"article:modified_time\" content=\"2023-05-29T09:01:29+00:00\" \/>\n<meta name=\"twitter:card\" content=\"summary_large_image\" \/>\n<meta name=\"twitter:label1\" content=\"Est. reading time\" \/>\n\t<meta name=\"twitter:data1\" content=\"5 minutos\" \/>\n<script type=\"application\/ld+json\" class=\"yoast-schema-graph\">{\"@context\":\"https:\/\/schema.org\",\"@graph\":[{\"@type\":\"WebPage\",\"@id\":\"https:\/\/antonioteiza.org\/es\/politica-de-privacidad\/\",\"url\":\"https:\/\/antonioteiza.org\/es\/politica-de-privacidad\/\",\"name\":\"Pol\u00edtica de Privacidad - Antonio Oteiza\",\"isPartOf\":{\"@id\":\"https:\/\/antonioteiza.org\/es\/#website\"},\"datePublished\":\"2022-06-23T14:33:34+00:00\",\"dateModified\":\"2023-05-29T09:01:29+00:00\",\"breadcrumb\":{\"@id\":\"https:\/\/antonioteiza.org\/es\/politica-de-privacidad\/#breadcrumb\"},\"inLanguage\":\"es\",\"potentialAction\":[{\"@type\":\"ReadAction\",\"target\":[\"https:\/\/antonioteiza.org\/es\/politica-de-privacidad\/\"]}]},{\"@type\":\"BreadcrumbList\",\"@id\":\"https:\/\/antonioteiza.org\/es\/politica-de-privacidad\/#breadcrumb\",\"itemListElement\":[{\"@type\":\"ListItem\",\"position\":1,\"name\":\"Home\",\"item\":\"https:\/\/antonioteiza.org\/es\/\"},{\"@type\":\"ListItem\",\"position\":2,\"name\":\"Pol\u00edtica de Privacidad\"}]},{\"@type\":\"WebSite\",\"@id\":\"https:\/\/antonioteiza.org\/es\/#website\",\"url\":\"https:\/\/antonioteiza.org\/es\/\",\"name\":\"Antonio Oteiza\",\"description\":\"Just another WordPress site\",\"publisher\":{\"@id\":\"https:\/\/antonioteiza.org\/es\/#organization\"},\"potentialAction\":[{\"@type\":\"SearchAction\",\"target\":{\"@type\":\"EntryPoint\",\"urlTemplate\":\"https:\/\/antonioteiza.org\/es\/?s={search_term_string}\"},\"query-input\":{\"@type\":\"PropertyValueSpecification\",\"valueRequired\":true,\"valueName\":\"search_term_string\"}}],\"inLanguage\":\"es\"},{\"@type\":\"Organization\",\"@id\":\"https:\/\/antonioteiza.org\/es\/#organization\",\"name\":\"Antonio Oteiza\",\"url\":\"https:\/\/antonioteiza.org\/es\/\",\"logo\":{\"@type\":\"ImageObject\",\"inLanguage\":\"es\",\"@id\":\"https:\/\/antonioteiza.org\/es\/#\/schema\/logo\/image\/\",\"url\":\"https:\/\/antonioteiza.org\/wp-content\/uploads\/2022\/06\/cropped-oteiza-logo.jpg\",\"contentUrl\":\"https:\/\/antonioteiza.org\/wp-content\/uploads\/2022\/06\/cropped-oteiza-logo.jpg\",\"width\":256,\"height\":91,\"caption\":\"Antonio Oteiza\"},\"image\":{\"@id\":\"https:\/\/antonioteiza.org\/es\/#\/schema\/logo\/image\/\"}}]}<\/script>\n<!-- \/ Yoast SEO plugin. -->","yoast_head_json":{"title":"Pol\u00edtica de Privacidad - Antonio Oteiza","robots":{"index":"noindex","follow":"nofollow"},"og_locale":"es_ES","og_type":"article","og_title":"Pol\u00edtica de Privacidad - Antonio Oteiza","og_description":"La Fundaci\u00f3n Antonio Oteiza garantiza el cumplimiento de la normativa vigente en materia de protecci\u00f3n de datos personales, reflejada en la Ley Org\u00e1nica 3\/2018, de 5 de diciembre, de Protecci\u00f3n de Datos Personales y de Garant\u00eda de Derechos Digitales (LOPD GDD). Cumple tambi\u00e9n con el Reglamento (UE) 2016\/679 del Parlamento Europeo y del Consejo de [&hellip;]","og_url":"https:\/\/antonioteiza.org\/es\/politica-de-privacidad\/","og_site_name":"Antonio Oteiza","article_modified_time":"2023-05-29T09:01:29+00:00","twitter_card":"summary_large_image","twitter_misc":{"Est. reading time":"5 minutos"},"schema":{"@context":"https:\/\/schema.org","@graph":[{"@type":"WebPage","@id":"https:\/\/antonioteiza.org\/es\/politica-de-privacidad\/","url":"https:\/\/antonioteiza.org\/es\/politica-de-privacidad\/","name":"Pol\u00edtica de Privacidad - Antonio Oteiza","isPartOf":{"@id":"https:\/\/antonioteiza.org\/es\/#website"},"datePublished":"2022-06-23T14:33:34+00:00","dateModified":"2023-05-29T09:01:29+00:00","breadcrumb":{"@id":"https:\/\/antonioteiza.org\/es\/politica-de-privacidad\/#breadcrumb"},"inLanguage":"es","potentialAction":[{"@type":"ReadAction","target":["https:\/\/antonioteiza.org\/es\/politica-de-privacidad\/"]}]},{"@type":"BreadcrumbList","@id":"https:\/\/antonioteiza.org\/es\/politica-de-privacidad\/#breadcrumb","itemListElement":[{"@type":"ListItem","position":1,"name":"Home","item":"https:\/\/antonioteiza.org\/es\/"},{"@type":"ListItem","position":2,"name":"Pol\u00edtica de Privacidad"}]},{"@type":"WebSite","@id":"https:\/\/antonioteiza.org\/es\/#website","url":"https:\/\/antonioteiza.org\/es\/","name":"Antonio Oteiza","description":"Just another WordPress site","publisher":{"@id":"https:\/\/antonioteiza.org\/es\/#organization"},"potentialAction":[{"@type":"SearchAction","target":{"@type":"EntryPoint","urlTemplate":"https:\/\/antonioteiza.org\/es\/?s={search_term_string}"},"query-input":{"@type":"PropertyValueSpecification","valueRequired":true,"valueName":"search_term_string"}}],"inLanguage":"es"},{"@type":"Organization","@id":"https:\/\/antonioteiza.org\/es\/#organization","name":"Antonio Oteiza","url":"https:\/\/antonioteiza.org\/es\/","logo":{"@type":"ImageObject","inLanguage":"es","@id":"https:\/\/antonioteiza.org\/es\/#\/schema\/logo\/image\/","url":"https:\/\/antonioteiza.org\/wp-content\/uploads\/2022\/06\/cropped-oteiza-logo.jpg","contentUrl":"https:\/\/antonioteiza.org\/wp-content\/uploads\/2022\/06\/cropped-oteiza-logo.jpg","width":256,"height":91,"caption":"Antonio Oteiza"},"image":{"@id":"https:\/\/antonioteiza.org\/es\/#\/schema\/logo\/image\/"}}]}},"_links":{"self":[{"href":"https:\/\/antonioteiza.org\/es\/wp-json\/wp\/v2\/pages\/1261","targetHints":{"allow":["GET"]}}],"collection":[{"href":"https:\/\/antonioteiza.org\/es\/wp-json\/wp\/v2\/pages"}],"about":[{"href":"https:\/\/antonioteiza.org\/es\/wp-json\/wp\/v2\/types\/page"}],"author":[{"embeddable":true,"href":"https:\/\/antonioteiza.org\/es\/wp-json\/wp\/v2\/users\/1"}],"replies":[{"embeddable":true,"href":"https:\/\/antonioteiza.org\/es\/wp-json\/wp\/v2\/comments?post=1261"}],"version-history":[{"count":4,"href":"https:\/\/antonioteiza.org\/es\/wp-json\/wp\/v2\/pages\/1261\/revisions"}],"predecessor-version":[{"id":1446,"href":"https:\/\/antonioteiza.org\/es\/wp-json\/wp\/v2\/pages\/1261\/revisions\/1446"}],"wp:attachment":[{"href":"https:\/\/antonioteiza.org\/es\/wp-json\/wp\/v2\/media?parent=1261"}],"curies":[{"name":"wp","href":"https:\/\/api.w.org\/{rel}","templated":true}]}}