{"id":1447,"date":"2023-05-29T11:06:17","date_gmt":"2023-05-29T09:06:17","guid":{"rendered":"https:\/\/antonioteiza.org\/?page_id=1447"},"modified":"2023-05-29T11:08:29","modified_gmt":"2023-05-29T09:08:29","slug":"condiciones-de-uso","status":"publish","type":"page","link":"https:\/\/antonioteiza.org\/es\/condiciones-de-uso\/","title":{"rendered":"Condiciones de uso"},"content":{"rendered":"<p>Las presentes condiciones generales de uso de la p\u00e1gina web, regulan los t\u00e9rminos y condiciones de acceso y uso de www.antonioteiza.org, propiedad de:<\/p>\n<p>Titular: Fundaci\u00f3n Antonio Oteiza<br \/>\nNIF\/CIF: G20889689<br \/>\nDomicilio: Intsausti jauregia \u2013 Julio Urkixo etorbidea<br \/>\nCorreo electr\u00f3nico: jbmendizabal@antonioteiza.org<br \/>\nSitio Web: www.antonioteiza.org<\/p>\n<p>El usuario de la web deber\u00e1 de leer y aceptar para usar todos los servicios e informaci\u00f3n que se facilitan desde la web. El mero acceso y\/o utilizaci\u00f3n de la web, de todos o parte de sus contenidos y\/o servicios significa la plena aceptaci\u00f3n de las presentes condiciones generales de uso.<\/p>\n<p><strong>Condiciones de uso<\/strong><\/p>\n<p>Las presentes condiciones generales de uso de la web regulan el acceso y su utilizaci\u00f3n, incluyendo los contenidos y los servicios puestos a disposici\u00f3n de los usuarios en y\/o a trav\u00e9s de la web, bien por la web, bien por terceros. No obstante, el acceso y la utilizaci\u00f3n de ciertos contenidos y\/o servicios puede encontrarse sometido a determinadas condiciones espec\u00edficas.<\/p>\n<p><strong>Modificaciones<\/strong><\/p>\n<p>Fundaci\u00f3n Antonio Oteiza se reserva la facultad de modificar en cualquier momento las condiciones generales de uso de la web. En todo caso, se recomienda que consulte peri\u00f3dicamente los presentes t\u00e9rminos de uso de la web, ya que pueden ser modificados.<\/p>\n<p><strong>Obligaciones del Usuario<\/strong><\/p>\n<p>El usuario deber\u00e1 respetar en todo momento los t\u00e9rminos y condiciones establecidos en las presentes condiciones generales de uso de la web. De forma expresa el usuario manifiesta que utilizar\u00e1 la web de forma diligente y asumiendo cualquier responsabilidad que pudiera derivarse del incumplimiento de las normas.<\/p>\n<p>As\u00ed mismo, el usuario no podr\u00e1 utilizar la web para transmitir, almacenar, divulgar promover o distribuir datos o contenidos que sean portadores de virus o cualquier otro c\u00f3digo inform\u00e1tico, archivos o programas dise\u00f1ados para interrumpir, destruir o perjudicar el funcionamiento de cualquier programa o equipo inform\u00e1tico o de telecomunicaciones.<\/p>\n<p><strong>Responsabilidad de la web<\/strong><\/p>\n<p>El usuario conoce y acepta que la web no otorga ninguna garant\u00eda de cualquier naturaleza, ya sea expresa o impl\u00edcita, sobre los datos, contenidos, informaci\u00f3n y servicios que se incorporan y ofrecen desde la web.<\/p>\n<p>Exceptuando los casos que la Ley imponga expresamente lo contrario, y exclusivamente con la medida y extensi\u00f3n en que lo imponga, la web no garantiza ni asume responsabilidad alguna respecto a los posibles da\u00f1os y perjuicios causados por el uso y utilizaci\u00f3n de la informaci\u00f3n, datos y servicios de la web.<\/p>\n<p>En todo caso, la web excluye cualquier responsabilidad por los da\u00f1os y perjuicios que puedan deberse a la informaci\u00f3n y\/o servicios prestados o suministrados por terceros diferentes de Fundaci\u00f3n Antonio Oteiza Toda responsabilidad ser\u00e1 del tercero ya sea proveedor o colaborador.<\/p>\n<p><strong>Propiedad intelectual e industrial<\/strong><\/p>\n<p>Todos los contenidos, marcas, logos, dibujos, documentaci\u00f3n, programas inform\u00e1ticos o cualquier otro elemento susceptible de protecci\u00f3n por la legislaci\u00f3n de propiedad intelectual o industrial, que sean accesibles en la web corresponden exclusivamente a la Fundaci\u00f3n Antonio Oteiza o a sus leg\u00edtimos titulares y quedan expresamente reservados todos los derechos sobre los mismos.<\/p>\n<p>Queda expresamente prohibida la creaci\u00f3n de enlaces de hipertexto (links) a cualquier elemento integrante de las p\u00e1ginas web de la web sin la autorizaci\u00f3n de la Fundaci\u00f3n Antonio Oteiza<br \/>\nEn cualquier caso, la web se reserva todos los derechos sobre los contenidos, informaci\u00f3n datos y servicios que ostente sobre los mismos. La web no concede ninguna licencia o autorizaci\u00f3n de uso al usuario sobre sus contenidos, datos o servicios, distinta de la que expresamente se detalle en las presentes condiciones generales de uso de la web.<\/p>\n<p><strong>Legislaci\u00f3n aplicable, jurisdicci\u00f3n competente y notificaciones<\/strong><\/p>\n<p>Las presentes condiciones se rigen y se interpretan de acuerdo con las Leyes de Espa\u00f1a. Para cualquier reclamaci\u00f3n ser\u00e1n competentes los juzgados y tribunales de (indicar la ciudad). Todas las notificaciones, requerimientos, peticiones y otras comunicaciones que el Usuario desee efectuar a la Fundaci\u00f3n Antonio Oteiza titular de la web deber\u00e1n realizarse por escrito y se entender\u00e1 que han sido correctamente realizadas cuando hayan sido recibidas en la siguiente direcci\u00f3n c\u00f3digo postal 102 Gipuzkoa &#8211; Espa\u00f1a.<\/p>\n","protected":false},"excerpt":{"rendered":"<p>Las presentes condiciones generales de uso de la p\u00e1gina web, regulan los t\u00e9rminos y condiciones de acceso y uso de www.antonioteiza.org, propiedad de: Titular: Fundaci\u00f3n Antonio Oteiza NIF\/CIF: G20889689 Domicilio: Intsausti jauregia \u2013 Julio Urkixo etorbidea Correo electr\u00f3nico: jbmendizabal@antonioteiza.org Sitio Web: www.antonioteiza.org El usuario de la web deber\u00e1 de leer y aceptar para usar todos [&hellip;]<\/p>\n","protected":false},"author":1,"featured_media":0,"parent":0,"menu_order":0,"comment_status":"closed","ping_status":"closed","template":"","meta":{"_acf_changed":false,"footnotes":""},"class_list":["post-1447","page","type-page","status-publish","hentry"],"acf":[],"yoast_head":"<!-- This site is optimized with the Yoast SEO plugin v26.8 - https:\/\/yoast.com\/product\/yoast-seo-wordpress\/ -->\n<title>Condiciones de uso - Antonio Oteiza<\/title>\n<meta name=\"robots\" content=\"index, follow, max-snippet:-1, max-image-preview:large, max-video-preview:-1\" \/>\n<link rel=\"canonical\" href=\"https:\/\/antonioteiza.org\/es\/condiciones-de-uso\/\" \/>\n<meta property=\"og:locale\" content=\"es_ES\" \/>\n<meta property=\"og:type\" content=\"article\" \/>\n<meta property=\"og:title\" content=\"Condiciones de uso - Antonio Oteiza\" \/>\n<meta property=\"og:description\" content=\"Las presentes condiciones generales de uso de la p\u00e1gina web, regulan los t\u00e9rminos y condiciones de acceso y uso de www.antonioteiza.org, propiedad de: Titular: Fundaci\u00f3n Antonio Oteiza NIF\/CIF: G20889689 Domicilio: Intsausti jauregia \u2013 Julio Urkixo etorbidea Correo electr\u00f3nico: jbmendizabal@antonioteiza.org Sitio Web: www.antonioteiza.org El usuario de la web deber\u00e1 de leer y aceptar para usar todos [&hellip;]\" \/>\n<meta property=\"og:url\" content=\"https:\/\/antonioteiza.org\/es\/condiciones-de-uso\/\" \/>\n<meta property=\"og:site_name\" content=\"Antonio Oteiza\" \/>\n<meta property=\"article:modified_time\" content=\"2023-05-29T09:08:29+00:00\" \/>\n<meta name=\"twitter:card\" content=\"summary_large_image\" \/>\n<meta name=\"twitter:label1\" content=\"Est. reading time\" \/>\n\t<meta name=\"twitter:data1\" content=\"4 minutos\" \/>\n<script type=\"application\/ld+json\" class=\"yoast-schema-graph\">{\"@context\":\"https:\/\/schema.org\",\"@graph\":[{\"@type\":\"WebPage\",\"@id\":\"https:\/\/antonioteiza.org\/es\/condiciones-de-uso\/\",\"url\":\"https:\/\/antonioteiza.org\/es\/condiciones-de-uso\/\",\"name\":\"Condiciones de uso - Antonio Oteiza\",\"isPartOf\":{\"@id\":\"https:\/\/antonioteiza.org\/es\/#website\"},\"datePublished\":\"2023-05-29T09:06:17+00:00\",\"dateModified\":\"2023-05-29T09:08:29+00:00\",\"breadcrumb\":{\"@id\":\"https:\/\/antonioteiza.org\/es\/condiciones-de-uso\/#breadcrumb\"},\"inLanguage\":\"es\",\"potentialAction\":[{\"@type\":\"ReadAction\",\"target\":[\"https:\/\/antonioteiza.org\/es\/condiciones-de-uso\/\"]}]},{\"@type\":\"BreadcrumbList\",\"@id\":\"https:\/\/antonioteiza.org\/es\/condiciones-de-uso\/#breadcrumb\",\"itemListElement\":[{\"@type\":\"ListItem\",\"position\":1,\"name\":\"Home\",\"item\":\"https:\/\/antonioteiza.org\/es\/\"},{\"@type\":\"ListItem\",\"position\":2,\"name\":\"Condiciones de uso\"}]},{\"@type\":\"WebSite\",\"@id\":\"https:\/\/antonioteiza.org\/es\/#website\",\"url\":\"https:\/\/antonioteiza.org\/es\/\",\"name\":\"Antonio Oteiza\",\"description\":\"Just another WordPress site\",\"publisher\":{\"@id\":\"https:\/\/antonioteiza.org\/es\/#organization\"},\"potentialAction\":[{\"@type\":\"SearchAction\",\"target\":{\"@type\":\"EntryPoint\",\"urlTemplate\":\"https:\/\/antonioteiza.org\/es\/?s={search_term_string}\"},\"query-input\":{\"@type\":\"PropertyValueSpecification\",\"valueRequired\":true,\"valueName\":\"search_term_string\"}}],\"inLanguage\":\"es\"},{\"@type\":\"Organization\",\"@id\":\"https:\/\/antonioteiza.org\/es\/#organization\",\"name\":\"Antonio Oteiza\",\"url\":\"https:\/\/antonioteiza.org\/es\/\",\"logo\":{\"@type\":\"ImageObject\",\"inLanguage\":\"es\",\"@id\":\"https:\/\/antonioteiza.org\/es\/#\/schema\/logo\/image\/\",\"url\":\"https:\/\/antonioteiza.org\/wp-content\/uploads\/2022\/06\/cropped-oteiza-logo.jpg\",\"contentUrl\":\"https:\/\/antonioteiza.org\/wp-content\/uploads\/2022\/06\/cropped-oteiza-logo.jpg\",\"width\":256,\"height\":91,\"caption\":\"Antonio Oteiza\"},\"image\":{\"@id\":\"https:\/\/antonioteiza.org\/es\/#\/schema\/logo\/image\/\"}}]}<\/script>\n<!-- \/ Yoast SEO plugin. -->","yoast_head_json":{"title":"Condiciones de uso - Antonio Oteiza","robots":{"index":"index","follow":"follow","max-snippet":"max-snippet:-1","max-image-preview":"max-image-preview:large","max-video-preview":"max-video-preview:-1"},"canonical":"https:\/\/antonioteiza.org\/es\/condiciones-de-uso\/","og_locale":"es_ES","og_type":"article","og_title":"Condiciones de uso - Antonio Oteiza","og_description":"Las presentes condiciones generales de uso de la p\u00e1gina web, regulan los t\u00e9rminos y condiciones de acceso y uso de www.antonioteiza.org, propiedad de: Titular: Fundaci\u00f3n Antonio Oteiza NIF\/CIF: G20889689 Domicilio: Intsausti jauregia \u2013 Julio Urkixo etorbidea Correo electr\u00f3nico: jbmendizabal@antonioteiza.org Sitio Web: www.antonioteiza.org El usuario de la web deber\u00e1 de leer y aceptar para usar todos [&hellip;]","og_url":"https:\/\/antonioteiza.org\/es\/condiciones-de-uso\/","og_site_name":"Antonio Oteiza","article_modified_time":"2023-05-29T09:08:29+00:00","twitter_card":"summary_large_image","twitter_misc":{"Est. reading time":"4 minutos"},"schema":{"@context":"https:\/\/schema.org","@graph":[{"@type":"WebPage","@id":"https:\/\/antonioteiza.org\/es\/condiciones-de-uso\/","url":"https:\/\/antonioteiza.org\/es\/condiciones-de-uso\/","name":"Condiciones de uso - Antonio Oteiza","isPartOf":{"@id":"https:\/\/antonioteiza.org\/es\/#website"},"datePublished":"2023-05-29T09:06:17+00:00","dateModified":"2023-05-29T09:08:29+00:00","breadcrumb":{"@id":"https:\/\/antonioteiza.org\/es\/condiciones-de-uso\/#breadcrumb"},"inLanguage":"es","potentialAction":[{"@type":"ReadAction","target":["https:\/\/antonioteiza.org\/es\/condiciones-de-uso\/"]}]},{"@type":"BreadcrumbList","@id":"https:\/\/antonioteiza.org\/es\/condiciones-de-uso\/#breadcrumb","itemListElement":[{"@type":"ListItem","position":1,"name":"Home","item":"https:\/\/antonioteiza.org\/es\/"},{"@type":"ListItem","position":2,"name":"Condiciones de uso"}]},{"@type":"WebSite","@id":"https:\/\/antonioteiza.org\/es\/#website","url":"https:\/\/antonioteiza.org\/es\/","name":"Antonio Oteiza","description":"Just another WordPress site","publisher":{"@id":"https:\/\/antonioteiza.org\/es\/#organization"},"potentialAction":[{"@type":"SearchAction","target":{"@type":"EntryPoint","urlTemplate":"https:\/\/antonioteiza.org\/es\/?s={search_term_string}"},"query-input":{"@type":"PropertyValueSpecification","valueRequired":true,"valueName":"search_term_string"}}],"inLanguage":"es"},{"@type":"Organization","@id":"https:\/\/antonioteiza.org\/es\/#organization","name":"Antonio Oteiza","url":"https:\/\/antonioteiza.org\/es\/","logo":{"@type":"ImageObject","inLanguage":"es","@id":"https:\/\/antonioteiza.org\/es\/#\/schema\/logo\/image\/","url":"https:\/\/antonioteiza.org\/wp-content\/uploads\/2022\/06\/cropped-oteiza-logo.jpg","contentUrl":"https:\/\/antonioteiza.org\/wp-content\/uploads\/2022\/06\/cropped-oteiza-logo.jpg","width":256,"height":91,"caption":"Antonio Oteiza"},"image":{"@id":"https:\/\/antonioteiza.org\/es\/#\/schema\/logo\/image\/"}}]}},"_links":{"self":[{"href":"https:\/\/antonioteiza.org\/es\/wp-json\/wp\/v2\/pages\/1447","targetHints":{"allow":["GET"]}}],"collection":[{"href":"https:\/\/antonioteiza.org\/es\/wp-json\/wp\/v2\/pages"}],"about":[{"href":"https:\/\/antonioteiza.org\/es\/wp-json\/wp\/v2\/types\/page"}],"author":[{"embeddable":true,"href":"https:\/\/antonioteiza.org\/es\/wp-json\/wp\/v2\/users\/1"}],"replies":[{"embeddable":true,"href":"https:\/\/antonioteiza.org\/es\/wp-json\/wp\/v2\/comments?post=1447"}],"version-history":[{"count":3,"href":"https:\/\/antonioteiza.org\/es\/wp-json\/wp\/v2\/pages\/1447\/revisions"}],"predecessor-version":[{"id":1451,"href":"https:\/\/antonioteiza.org\/es\/wp-json\/wp\/v2\/pages\/1447\/revisions\/1451"}],"wp:attachment":[{"href":"https:\/\/antonioteiza.org\/es\/wp-json\/wp\/v2\/media?parent=1447"}],"curies":[{"name":"wp","href":"https:\/\/api.w.org\/{rel}","templated":true}]}}