{"id":766,"date":"2022-07-13T12:30:56","date_gmt":"2022-07-13T10:30:56","guid":{"rendered":"http:\/\/antonioteiza.org\/bere-konpromezua\/"},"modified":"2022-12-07T17:15:52","modified_gmt":"2022-12-07T15:15:52","slug":"bere-konpromezua","status":"publish","type":"page","link":"https:\/\/antonioteiza.org\/es\/bere-konpromezua\/","title":{"rendered":"Su compromiso"},"content":{"rendered":"<section class=\"antonio-page\">\n<div class=\"container\">\n<div class=\"aventura compromiso\">\n<div class=\"left-aside\">\n<div class=\"txt-animatua\">\n<div class=\"title\">\n<h2>SU COMPROMISO<\/h2>\n<\/div>\n<\/div>\n<div class=\"img-compromiso\"><img decoding=\"async\" src=\"\/wp-content\/uploads\/2022\/11\/text05.jpg\" \/><\/div>\n<\/div>\n<div class=\"content-doc\">\n<p>En sus viajes, adem\u00e1s de evangelizar crear y aprender, Antonio Oteiza se ha caracterizado siempre por denunciar y luchar contra las injusticias y atropellos que han padecido los pueblos ind\u00edgenas de la Am\u00e9rica del Sur.<\/p>\n<p>Antonio Oteiza entiende el arte como elemento iluminador para una plural acci\u00f3n human\u00edstica.<\/p>\n<blockquote><p>El ser humano se queda con lo que haya podido dar a los dem\u00e1s.<\/p><\/blockquote>\n<\/div>\n<\/div>\n<\/div>\n<\/section>\n","protected":false},"excerpt":{"rendered":"<p>SU COMPROMISO En sus viajes, adem\u00e1s de evangelizar crear y aprender, Antonio Oteiza se ha caracterizado siempre por denunciar y luchar contra las injusticias y atropellos que han padecido los pueblos ind\u00edgenas de la Am\u00e9rica del Sur. Antonio Oteiza entiende el arte como elemento iluminador para una plural acci\u00f3n human\u00edstica. El ser humano se queda [&hellip;]<\/p>\n","protected":false},"author":1,"featured_media":729,"parent":0,"menu_order":0,"comment_status":"closed","ping_status":"closed","template":"template-simple.php","meta":{"_acf_changed":false,"footnotes":""},"class_list":["post-766","page","type-page","status-publish","has-post-thumbnail","hentry"],"acf":[],"yoast_head":"<!-- This site is optimized with the Yoast SEO plugin v26.8 - https:\/\/yoast.com\/product\/yoast-seo-wordpress\/ -->\n<title>Su compromiso - Antonio Oteiza<\/title>\n<meta name=\"robots\" content=\"index, follow, max-snippet:-1, max-image-preview:large, max-video-preview:-1\" \/>\n<link rel=\"canonical\" href=\"https:\/\/antonioteiza.org\/es\/bere-konpromezua\/\" \/>\n<meta property=\"og:locale\" content=\"es_ES\" \/>\n<meta property=\"og:type\" content=\"article\" \/>\n<meta property=\"og:title\" content=\"Su compromiso - Antonio Oteiza\" \/>\n<meta property=\"og:description\" content=\"SU COMPROMISO En sus viajes, adem\u00e1s de evangelizar crear y aprender, Antonio Oteiza se ha caracterizado siempre por denunciar y luchar contra las injusticias y atropellos que han padecido los pueblos ind\u00edgenas de la Am\u00e9rica del Sur. Antonio Oteiza entiende el arte como elemento iluminador para una plural acci\u00f3n human\u00edstica. El ser humano se queda [&hellip;]\" \/>\n<meta property=\"og:url\" content=\"https:\/\/antonioteiza.org\/es\/bere-konpromezua\/\" \/>\n<meta property=\"og:site_name\" content=\"Antonio Oteiza\" \/>\n<meta property=\"article:modified_time\" content=\"2022-12-07T15:15:52+00:00\" \/>\n<meta property=\"og:image\" content=\"https:\/\/antonioteiza.org\/wp-content\/uploads\/2022\/11\/oteiza-top4.jpg\" \/>\n\t<meta property=\"og:image:width\" content=\"2400\" \/>\n\t<meta property=\"og:image:height\" content=\"314\" \/>\n\t<meta property=\"og:image:type\" content=\"image\/jpeg\" \/>\n<meta name=\"twitter:card\" content=\"summary_large_image\" \/>\n<meta name=\"twitter:label1\" content=\"Est. reading time\" \/>\n\t<meta name=\"twitter:data1\" content=\"1 minuto\" \/>\n<script type=\"application\/ld+json\" class=\"yoast-schema-graph\">{\"@context\":\"https:\/\/schema.org\",\"@graph\":[{\"@type\":\"WebPage\",\"@id\":\"https:\/\/antonioteiza.org\/es\/bere-konpromezua\/\",\"url\":\"https:\/\/antonioteiza.org\/es\/bere-konpromezua\/\",\"name\":\"Su compromiso - Antonio Oteiza\",\"isPartOf\":{\"@id\":\"https:\/\/antonioteiza.org\/es\/#website\"},\"primaryImageOfPage\":{\"@id\":\"https:\/\/antonioteiza.org\/es\/bere-konpromezua\/#primaryimage\"},\"image\":{\"@id\":\"https:\/\/antonioteiza.org\/es\/bere-konpromezua\/#primaryimage\"},\"thumbnailUrl\":\"https:\/\/antonioteiza.org\/wp-content\/uploads\/2022\/11\/oteiza-top4.jpg\",\"datePublished\":\"2022-07-13T10:30:56+00:00\",\"dateModified\":\"2022-12-07T15:15:52+00:00\",\"breadcrumb\":{\"@id\":\"https:\/\/antonioteiza.org\/es\/bere-konpromezua\/#breadcrumb\"},\"inLanguage\":\"es\",\"potentialAction\":[{\"@type\":\"ReadAction\",\"target\":[\"https:\/\/antonioteiza.org\/es\/bere-konpromezua\/\"]}]},{\"@type\":\"ImageObject\",\"inLanguage\":\"es\",\"@id\":\"https:\/\/antonioteiza.org\/es\/bere-konpromezua\/#primaryimage\",\"url\":\"https:\/\/antonioteiza.org\/wp-content\/uploads\/2022\/11\/oteiza-top4.jpg\",\"contentUrl\":\"https:\/\/antonioteiza.org\/wp-content\/uploads\/2022\/11\/oteiza-top4.jpg\",\"width\":2400,\"height\":314},{\"@type\":\"BreadcrumbList\",\"@id\":\"https:\/\/antonioteiza.org\/es\/bere-konpromezua\/#breadcrumb\",\"itemListElement\":[{\"@type\":\"ListItem\",\"position\":1,\"name\":\"Home\",\"item\":\"https:\/\/antonioteiza.org\/es\/\"},{\"@type\":\"ListItem\",\"position\":2,\"name\":\"Su compromiso\"}]},{\"@type\":\"WebSite\",\"@id\":\"https:\/\/antonioteiza.org\/es\/#website\",\"url\":\"https:\/\/antonioteiza.org\/es\/\",\"name\":\"Antonio Oteiza\",\"description\":\"Just another WordPress site\",\"publisher\":{\"@id\":\"https:\/\/antonioteiza.org\/es\/#organization\"},\"potentialAction\":[{\"@type\":\"SearchAction\",\"target\":{\"@type\":\"EntryPoint\",\"urlTemplate\":\"https:\/\/antonioteiza.org\/es\/?s={search_term_string}\"},\"query-input\":{\"@type\":\"PropertyValueSpecification\",\"valueRequired\":true,\"valueName\":\"search_term_string\"}}],\"inLanguage\":\"es\"},{\"@type\":\"Organization\",\"@id\":\"https:\/\/antonioteiza.org\/es\/#organization\",\"name\":\"Antonio Oteiza\",\"url\":\"https:\/\/antonioteiza.org\/es\/\",\"logo\":{\"@type\":\"ImageObject\",\"inLanguage\":\"es\",\"@id\":\"https:\/\/antonioteiza.org\/es\/#\/schema\/logo\/image\/\",\"url\":\"https:\/\/antonioteiza.org\/wp-content\/uploads\/2022\/06\/cropped-oteiza-logo.jpg\",\"contentUrl\":\"https:\/\/antonioteiza.org\/wp-content\/uploads\/2022\/06\/cropped-oteiza-logo.jpg\",\"width\":256,\"height\":91,\"caption\":\"Antonio Oteiza\"},\"image\":{\"@id\":\"https:\/\/antonioteiza.org\/es\/#\/schema\/logo\/image\/\"}}]}<\/script>\n<!-- \/ Yoast SEO plugin. -->","yoast_head_json":{"title":"Su compromiso - Antonio Oteiza","robots":{"index":"index","follow":"follow","max-snippet":"max-snippet:-1","max-image-preview":"max-image-preview:large","max-video-preview":"max-video-preview:-1"},"canonical":"https:\/\/antonioteiza.org\/es\/bere-konpromezua\/","og_locale":"es_ES","og_type":"article","og_title":"Su compromiso - Antonio Oteiza","og_description":"SU COMPROMISO En sus viajes, adem\u00e1s de evangelizar crear y aprender, Antonio Oteiza se ha caracterizado siempre por denunciar y luchar contra las injusticias y atropellos que han padecido los pueblos ind\u00edgenas de la Am\u00e9rica del Sur. Antonio Oteiza entiende el arte como elemento iluminador para una plural acci\u00f3n human\u00edstica. El ser humano se queda [&hellip;]","og_url":"https:\/\/antonioteiza.org\/es\/bere-konpromezua\/","og_site_name":"Antonio Oteiza","article_modified_time":"2022-12-07T15:15:52+00:00","og_image":[{"width":2400,"height":314,"url":"https:\/\/antonioteiza.org\/wp-content\/uploads\/2022\/11\/oteiza-top4.jpg","type":"image\/jpeg"}],"twitter_card":"summary_large_image","twitter_misc":{"Est. reading time":"1 minuto"},"schema":{"@context":"https:\/\/schema.org","@graph":[{"@type":"WebPage","@id":"https:\/\/antonioteiza.org\/es\/bere-konpromezua\/","url":"https:\/\/antonioteiza.org\/es\/bere-konpromezua\/","name":"Su compromiso - Antonio Oteiza","isPartOf":{"@id":"https:\/\/antonioteiza.org\/es\/#website"},"primaryImageOfPage":{"@id":"https:\/\/antonioteiza.org\/es\/bere-konpromezua\/#primaryimage"},"image":{"@id":"https:\/\/antonioteiza.org\/es\/bere-konpromezua\/#primaryimage"},"thumbnailUrl":"https:\/\/antonioteiza.org\/wp-content\/uploads\/2022\/11\/oteiza-top4.jpg","datePublished":"2022-07-13T10:30:56+00:00","dateModified":"2022-12-07T15:15:52+00:00","breadcrumb":{"@id":"https:\/\/antonioteiza.org\/es\/bere-konpromezua\/#breadcrumb"},"inLanguage":"es","potentialAction":[{"@type":"ReadAction","target":["https:\/\/antonioteiza.org\/es\/bere-konpromezua\/"]}]},{"@type":"ImageObject","inLanguage":"es","@id":"https:\/\/antonioteiza.org\/es\/bere-konpromezua\/#primaryimage","url":"https:\/\/antonioteiza.org\/wp-content\/uploads\/2022\/11\/oteiza-top4.jpg","contentUrl":"https:\/\/antonioteiza.org\/wp-content\/uploads\/2022\/11\/oteiza-top4.jpg","width":2400,"height":314},{"@type":"BreadcrumbList","@id":"https:\/\/antonioteiza.org\/es\/bere-konpromezua\/#breadcrumb","itemListElement":[{"@type":"ListItem","position":1,"name":"Home","item":"https:\/\/antonioteiza.org\/es\/"},{"@type":"ListItem","position":2,"name":"Su compromiso"}]},{"@type":"WebSite","@id":"https:\/\/antonioteiza.org\/es\/#website","url":"https:\/\/antonioteiza.org\/es\/","name":"Antonio Oteiza","description":"Just another WordPress site","publisher":{"@id":"https:\/\/antonioteiza.org\/es\/#organization"},"potentialAction":[{"@type":"SearchAction","target":{"@type":"EntryPoint","urlTemplate":"https:\/\/antonioteiza.org\/es\/?s={search_term_string}"},"query-input":{"@type":"PropertyValueSpecification","valueRequired":true,"valueName":"search_term_string"}}],"inLanguage":"es"},{"@type":"Organization","@id":"https:\/\/antonioteiza.org\/es\/#organization","name":"Antonio Oteiza","url":"https:\/\/antonioteiza.org\/es\/","logo":{"@type":"ImageObject","inLanguage":"es","@id":"https:\/\/antonioteiza.org\/es\/#\/schema\/logo\/image\/","url":"https:\/\/antonioteiza.org\/wp-content\/uploads\/2022\/06\/cropped-oteiza-logo.jpg","contentUrl":"https:\/\/antonioteiza.org\/wp-content\/uploads\/2022\/06\/cropped-oteiza-logo.jpg","width":256,"height":91,"caption":"Antonio Oteiza"},"image":{"@id":"https:\/\/antonioteiza.org\/es\/#\/schema\/logo\/image\/"}}]}},"_links":{"self":[{"href":"https:\/\/antonioteiza.org\/es\/wp-json\/wp\/v2\/pages\/766","targetHints":{"allow":["GET"]}}],"collection":[{"href":"https:\/\/antonioteiza.org\/es\/wp-json\/wp\/v2\/pages"}],"about":[{"href":"https:\/\/antonioteiza.org\/es\/wp-json\/wp\/v2\/types\/page"}],"author":[{"embeddable":true,"href":"https:\/\/antonioteiza.org\/es\/wp-json\/wp\/v2\/users\/1"}],"replies":[{"embeddable":true,"href":"https:\/\/antonioteiza.org\/es\/wp-json\/wp\/v2\/comments?post=766"}],"version-history":[{"count":6,"href":"https:\/\/antonioteiza.org\/es\/wp-json\/wp\/v2\/pages\/766\/revisions"}],"predecessor-version":[{"id":774,"href":"https:\/\/antonioteiza.org\/es\/wp-json\/wp\/v2\/pages\/766\/revisions\/774"}],"wp:featuredmedia":[{"embeddable":true,"href":"https:\/\/antonioteiza.org\/es\/wp-json\/wp\/v2\/media\/729"}],"wp:attachment":[{"href":"https:\/\/antonioteiza.org\/es\/wp-json\/wp\/v2\/media?parent=766"}],"curies":[{"name":"wp","href":"https:\/\/api.w.org\/{rel}","templated":true}]}}