{"id":777,"date":"2022-07-13T12:32:19","date_gmt":"2022-07-13T10:32:19","guid":{"rendered":"http:\/\/antonioteiza.org\/bere-abentura\/"},"modified":"2022-12-12T18:18:11","modified_gmt":"2022-12-12T16:18:11","slug":"bere-abentura","status":"publish","type":"page","link":"https:\/\/antonioteiza.org\/es\/bere-abentura\/","title":{"rendered":"Su aventura"},"content":{"rendered":"<div class=\"container\">\n<div class=\"aventura\">\n<div class=\"left-aside txt-animatua\">\n<div class=\"title\">\n<h2>SU AVENTURA<\/h2>\n<\/div>\n<div id=\"carouselExampleFade\" class=\"carousel slide carousel-fade\" data-bs-ride=\"carousel\">\n<div class=\"carousel-inner\">\n<div class=\"carousel-item active\"><img decoding=\"async\" class=\"d-block w-100\" src=\"\/wp-content\/uploads\/2022\/11\/text01.jpg\" alt=\"su aventura EL ESP\u00cdRITU\" \/><\/div>\n<div class=\"carousel-item\"><img decoding=\"async\" class=\"d-block w-100\" src=\"\/wp-content\/uploads\/2022\/11\/text02.jpg\" alt=\"su aventura EL EXPRESIONISMO\" \/><\/div>\n<div class=\"carousel-item\"><img decoding=\"async\" class=\"d-block w-100\" src=\"\/wp-content\/uploads\/2022\/11\/text03.jpg\" alt=\"su aventura LA NATURALEZA\" \/><\/div>\n<div class=\"carousel-item\"><img decoding=\"async\" class=\"d-block w-100\" src=\"\/wp-content\/uploads\/2022\/11\/text04.jpg\" alt=\"su aventura EL SENTIMIENTO\" \/><\/div>\n<\/div>\n<p><button class=\"carousel-control-prev\" type=\"button\" data-bs-target=\"#carouselExampleFade\" data-bs-slide=\"prev\"><\/p>\n<p><span class=\"visually-hidden\">Previous<\/span><br \/>\n<\/button><br \/>\n<button class=\"carousel-control-next\" type=\"button\" data-bs-target=\"#carouselExampleFade\" data-bs-slide=\"next\"><\/p>\n<p><span class=\"visually-hidden\">Next<\/span><br \/>\n<\/button><\/p>\n<\/div>\n<\/div>\n<div class=\"content-doc\">\n<p>Antonio arrastra un acento lejano, con expresiones aprendidas en otros pa\u00edses. Tanto su hablar como su escultura o escritura, es fruto de una vida n\u00f3mada, de muchas vivencias y convivencias con culturas diferentes. Antonio a lo largo de su vida ha sido capuchino, escultor, escritor y pintor, pero como m\u00e1s le gusta definirse a s\u00ed mismo es como aventurero.<\/p>\n<p>Antonio Oteiza ha convivido con los ind\u00edgenas, con los nativos de la selva y con los de los Andes. La tierra americana le atrae, sin duda, pero le atraen mucho m\u00e1s sus individuos m\u00e1s primitivos. La naturalidad de su vivir, su fraternidad para con todos, su hospitalidad, la fraternidad de su compartir.<\/p>\n<blockquote><p>M\u00e1s de una vez me dijeron que era como uno de ellos, y ciertamente creo que soy m\u00e1s cercano a la naturalidad de ellos, que a occidente. Su influencia; el saber amar, m\u00e1s el desprendimiento, lo transitorio de cada d\u00eda, un aprecio por el viaje y la aventura.<\/p><\/blockquote>\n<p>En cuanto al arte, Antonio ha ido adoptando en sus viajes el respeto por las creaciones de los m\u00e1s humildes. El artista afirma rotundo que:<\/p>\n<blockquote><p>El arte crece m\u00e1s desde la sangre que desde la raz\u00f3n.<\/p><\/blockquote>\n<\/div>\n<\/div>\n<\/div>\n","protected":false},"excerpt":{"rendered":"<p>SU AVENTURA Previous Next Antonio arrastra un acento lejano, con expresiones aprendidas en otros pa\u00edses. Tanto su hablar como su escultura o escritura, es fruto de una vida n\u00f3mada, de muchas vivencias y convivencias con culturas diferentes. Antonio a lo largo de su vida ha sido capuchino, escultor, escritor y pintor, pero como m\u00e1s le [&hellip;]<\/p>\n","protected":false},"author":1,"featured_media":715,"parent":0,"menu_order":0,"comment_status":"closed","ping_status":"closed","template":"template-simple.php","meta":{"_acf_changed":false,"footnotes":""},"class_list":["post-777","page","type-page","status-publish","has-post-thumbnail","hentry"],"acf":[],"yoast_head":"<!-- This site is optimized with the Yoast SEO plugin v26.8 - https:\/\/yoast.com\/product\/yoast-seo-wordpress\/ -->\n<title>Su aventura - Antonio Oteiza<\/title>\n<meta name=\"robots\" content=\"index, follow, max-snippet:-1, max-image-preview:large, max-video-preview:-1\" \/>\n<link rel=\"canonical\" href=\"https:\/\/antonioteiza.org\/es\/bere-abentura\/\" \/>\n<meta property=\"og:locale\" content=\"es_ES\" \/>\n<meta property=\"og:type\" content=\"article\" \/>\n<meta property=\"og:title\" content=\"Su aventura - Antonio Oteiza\" \/>\n<meta property=\"og:description\" content=\"SU AVENTURA Previous Next Antonio arrastra un acento lejano, con expresiones aprendidas en otros pa\u00edses. Tanto su hablar como su escultura o escritura, es fruto de una vida n\u00f3mada, de muchas vivencias y convivencias con culturas diferentes. Antonio a lo largo de su vida ha sido capuchino, escultor, escritor y pintor, pero como m\u00e1s le [&hellip;]\" \/>\n<meta property=\"og:url\" content=\"https:\/\/antonioteiza.org\/es\/bere-abentura\/\" \/>\n<meta property=\"og:site_name\" content=\"Antonio Oteiza\" \/>\n<meta property=\"article:modified_time\" content=\"2022-12-12T16:18:11+00:00\" \/>\n<meta property=\"og:image\" content=\"https:\/\/antonioteiza.org\/wp-content\/uploads\/2022\/11\/oteiza-top3.jpg\" \/>\n\t<meta property=\"og:image:width\" content=\"2400\" \/>\n\t<meta property=\"og:image:height\" content=\"314\" \/>\n\t<meta property=\"og:image:type\" content=\"image\/jpeg\" \/>\n<meta name=\"twitter:card\" content=\"summary_large_image\" \/>\n<meta name=\"twitter:label1\" content=\"Est. reading time\" \/>\n\t<meta name=\"twitter:data1\" content=\"1 minuto\" \/>\n<script type=\"application\/ld+json\" class=\"yoast-schema-graph\">{\"@context\":\"https:\/\/schema.org\",\"@graph\":[{\"@type\":\"WebPage\",\"@id\":\"https:\/\/antonioteiza.org\/es\/bere-abentura\/\",\"url\":\"https:\/\/antonioteiza.org\/es\/bere-abentura\/\",\"name\":\"Su aventura - Antonio Oteiza\",\"isPartOf\":{\"@id\":\"https:\/\/antonioteiza.org\/es\/#website\"},\"primaryImageOfPage\":{\"@id\":\"https:\/\/antonioteiza.org\/es\/bere-abentura\/#primaryimage\"},\"image\":{\"@id\":\"https:\/\/antonioteiza.org\/es\/bere-abentura\/#primaryimage\"},\"thumbnailUrl\":\"https:\/\/antonioteiza.org\/wp-content\/uploads\/2022\/11\/oteiza-top3.jpg\",\"datePublished\":\"2022-07-13T10:32:19+00:00\",\"dateModified\":\"2022-12-12T16:18:11+00:00\",\"breadcrumb\":{\"@id\":\"https:\/\/antonioteiza.org\/es\/bere-abentura\/#breadcrumb\"},\"inLanguage\":\"es\",\"potentialAction\":[{\"@type\":\"ReadAction\",\"target\":[\"https:\/\/antonioteiza.org\/es\/bere-abentura\/\"]}]},{\"@type\":\"ImageObject\",\"inLanguage\":\"es\",\"@id\":\"https:\/\/antonioteiza.org\/es\/bere-abentura\/#primaryimage\",\"url\":\"https:\/\/antonioteiza.org\/wp-content\/uploads\/2022\/11\/oteiza-top3.jpg\",\"contentUrl\":\"https:\/\/antonioteiza.org\/wp-content\/uploads\/2022\/11\/oteiza-top3.jpg\",\"width\":2400,\"height\":314},{\"@type\":\"BreadcrumbList\",\"@id\":\"https:\/\/antonioteiza.org\/es\/bere-abentura\/#breadcrumb\",\"itemListElement\":[{\"@type\":\"ListItem\",\"position\":1,\"name\":\"Home\",\"item\":\"https:\/\/antonioteiza.org\/es\/\"},{\"@type\":\"ListItem\",\"position\":2,\"name\":\"Su aventura\"}]},{\"@type\":\"WebSite\",\"@id\":\"https:\/\/antonioteiza.org\/es\/#website\",\"url\":\"https:\/\/antonioteiza.org\/es\/\",\"name\":\"Antonio Oteiza\",\"description\":\"Just another WordPress site\",\"publisher\":{\"@id\":\"https:\/\/antonioteiza.org\/es\/#organization\"},\"potentialAction\":[{\"@type\":\"SearchAction\",\"target\":{\"@type\":\"EntryPoint\",\"urlTemplate\":\"https:\/\/antonioteiza.org\/es\/?s={search_term_string}\"},\"query-input\":{\"@type\":\"PropertyValueSpecification\",\"valueRequired\":true,\"valueName\":\"search_term_string\"}}],\"inLanguage\":\"es\"},{\"@type\":\"Organization\",\"@id\":\"https:\/\/antonioteiza.org\/es\/#organization\",\"name\":\"Antonio Oteiza\",\"url\":\"https:\/\/antonioteiza.org\/es\/\",\"logo\":{\"@type\":\"ImageObject\",\"inLanguage\":\"es\",\"@id\":\"https:\/\/antonioteiza.org\/es\/#\/schema\/logo\/image\/\",\"url\":\"https:\/\/antonioteiza.org\/wp-content\/uploads\/2022\/06\/cropped-oteiza-logo.jpg\",\"contentUrl\":\"https:\/\/antonioteiza.org\/wp-content\/uploads\/2022\/06\/cropped-oteiza-logo.jpg\",\"width\":256,\"height\":91,\"caption\":\"Antonio Oteiza\"},\"image\":{\"@id\":\"https:\/\/antonioteiza.org\/es\/#\/schema\/logo\/image\/\"}}]}<\/script>\n<!-- \/ Yoast SEO plugin. -->","yoast_head_json":{"title":"Su aventura - Antonio Oteiza","robots":{"index":"index","follow":"follow","max-snippet":"max-snippet:-1","max-image-preview":"max-image-preview:large","max-video-preview":"max-video-preview:-1"},"canonical":"https:\/\/antonioteiza.org\/es\/bere-abentura\/","og_locale":"es_ES","og_type":"article","og_title":"Su aventura - Antonio Oteiza","og_description":"SU AVENTURA Previous Next Antonio arrastra un acento lejano, con expresiones aprendidas en otros pa\u00edses. Tanto su hablar como su escultura o escritura, es fruto de una vida n\u00f3mada, de muchas vivencias y convivencias con culturas diferentes. Antonio a lo largo de su vida ha sido capuchino, escultor, escritor y pintor, pero como m\u00e1s le [&hellip;]","og_url":"https:\/\/antonioteiza.org\/es\/bere-abentura\/","og_site_name":"Antonio Oteiza","article_modified_time":"2022-12-12T16:18:11+00:00","og_image":[{"width":2400,"height":314,"url":"https:\/\/antonioteiza.org\/wp-content\/uploads\/2022\/11\/oteiza-top3.jpg","type":"image\/jpeg"}],"twitter_card":"summary_large_image","twitter_misc":{"Est. reading time":"1 minuto"},"schema":{"@context":"https:\/\/schema.org","@graph":[{"@type":"WebPage","@id":"https:\/\/antonioteiza.org\/es\/bere-abentura\/","url":"https:\/\/antonioteiza.org\/es\/bere-abentura\/","name":"Su aventura - Antonio Oteiza","isPartOf":{"@id":"https:\/\/antonioteiza.org\/es\/#website"},"primaryImageOfPage":{"@id":"https:\/\/antonioteiza.org\/es\/bere-abentura\/#primaryimage"},"image":{"@id":"https:\/\/antonioteiza.org\/es\/bere-abentura\/#primaryimage"},"thumbnailUrl":"https:\/\/antonioteiza.org\/wp-content\/uploads\/2022\/11\/oteiza-top3.jpg","datePublished":"2022-07-13T10:32:19+00:00","dateModified":"2022-12-12T16:18:11+00:00","breadcrumb":{"@id":"https:\/\/antonioteiza.org\/es\/bere-abentura\/#breadcrumb"},"inLanguage":"es","potentialAction":[{"@type":"ReadAction","target":["https:\/\/antonioteiza.org\/es\/bere-abentura\/"]}]},{"@type":"ImageObject","inLanguage":"es","@id":"https:\/\/antonioteiza.org\/es\/bere-abentura\/#primaryimage","url":"https:\/\/antonioteiza.org\/wp-content\/uploads\/2022\/11\/oteiza-top3.jpg","contentUrl":"https:\/\/antonioteiza.org\/wp-content\/uploads\/2022\/11\/oteiza-top3.jpg","width":2400,"height":314},{"@type":"BreadcrumbList","@id":"https:\/\/antonioteiza.org\/es\/bere-abentura\/#breadcrumb","itemListElement":[{"@type":"ListItem","position":1,"name":"Home","item":"https:\/\/antonioteiza.org\/es\/"},{"@type":"ListItem","position":2,"name":"Su aventura"}]},{"@type":"WebSite","@id":"https:\/\/antonioteiza.org\/es\/#website","url":"https:\/\/antonioteiza.org\/es\/","name":"Antonio Oteiza","description":"Just another WordPress site","publisher":{"@id":"https:\/\/antonioteiza.org\/es\/#organization"},"potentialAction":[{"@type":"SearchAction","target":{"@type":"EntryPoint","urlTemplate":"https:\/\/antonioteiza.org\/es\/?s={search_term_string}"},"query-input":{"@type":"PropertyValueSpecification","valueRequired":true,"valueName":"search_term_string"}}],"inLanguage":"es"},{"@type":"Organization","@id":"https:\/\/antonioteiza.org\/es\/#organization","name":"Antonio Oteiza","url":"https:\/\/antonioteiza.org\/es\/","logo":{"@type":"ImageObject","inLanguage":"es","@id":"https:\/\/antonioteiza.org\/es\/#\/schema\/logo\/image\/","url":"https:\/\/antonioteiza.org\/wp-content\/uploads\/2022\/06\/cropped-oteiza-logo.jpg","contentUrl":"https:\/\/antonioteiza.org\/wp-content\/uploads\/2022\/06\/cropped-oteiza-logo.jpg","width":256,"height":91,"caption":"Antonio Oteiza"},"image":{"@id":"https:\/\/antonioteiza.org\/es\/#\/schema\/logo\/image\/"}}]}},"_links":{"self":[{"href":"https:\/\/antonioteiza.org\/es\/wp-json\/wp\/v2\/pages\/777","targetHints":{"allow":["GET"]}}],"collection":[{"href":"https:\/\/antonioteiza.org\/es\/wp-json\/wp\/v2\/pages"}],"about":[{"href":"https:\/\/antonioteiza.org\/es\/wp-json\/wp\/v2\/types\/page"}],"author":[{"embeddable":true,"href":"https:\/\/antonioteiza.org\/es\/wp-json\/wp\/v2\/users\/1"}],"replies":[{"embeddable":true,"href":"https:\/\/antonioteiza.org\/es\/wp-json\/wp\/v2\/comments?post=777"}],"version-history":[{"count":2,"href":"https:\/\/antonioteiza.org\/es\/wp-json\/wp\/v2\/pages\/777\/revisions"}],"predecessor-version":[{"id":785,"href":"https:\/\/antonioteiza.org\/es\/wp-json\/wp\/v2\/pages\/777\/revisions\/785"}],"wp:featuredmedia":[{"embeddable":true,"href":"https:\/\/antonioteiza.org\/es\/wp-json\/wp\/v2\/media\/715"}],"wp:attachment":[{"href":"https:\/\/antonioteiza.org\/es\/wp-json\/wp\/v2\/media?parent=777"}],"curies":[{"name":"wp","href":"https:\/\/api.w.org\/{rel}","templated":true}]}}